{"id":2,"date":"2016-12-26T19:34:34","date_gmt":"2016-12-26T19:34:34","guid":{"rendered":"http:\/\/smartwpress.com\/lucille3\/?page_id=2"},"modified":"2021-01-05T11:49:48","modified_gmt":"2021-01-05T10:49:48","slug":"bio","status":"publish","type":"page","link":"https:\/\/belakoband.com\/es\/bio\/","title":{"rendered":"Bio"},"content":{"rendered":"<p>[vc_row][vc_column][vc_column_text]<\/p>\n<h2 style=\"text-align: center;\"><span style=\"color: #ff3c08;\"><strong>2011\/2012:<\/strong><\/span> COMIENZOS<\/h2>\n<p>[\/vc_column_text][vc_row_inner][vc_column_inner width=\u00bb2\/3&#8243;][vc_column_text]<\/p>\n<p style=\"text-align: justify;\">Belako, proveniente de Mungia (Bizkaia) y compuesto por <strong>Josu, Lore, Cris y Lander<\/strong>, comenz\u00f3 su andadura en mayo del 2011. Los hermanos Josu y Lore, empezaron a tocar versiones de algunos grupos, despu\u00e9s se les unieron Cris e Ibon quien m\u00e1s tarde dejar\u00eda la banda. Al poco tiempo el Tolosarra Lander se les uni\u00f3 para quedarse as\u00ed la formaci\u00f3n definitiva del grupo. M\u00e1s tarde, tras varios conciertos y dos maketas, el cuarteto se presenta al concurso organizado por <strong>Eitb Gaztea Maketa Lehiaketa 2012<\/strong> <strong>consiguiendo la primera plaza<\/strong>. El premio, les lleva a actuar en conciertos de alto nivel como el festival <strong>BBK live<\/strong>. Previamente, Belako tambi\u00e9n fue invitado al programa de RNE 3, <strong>Disco Grande,<\/strong> habiendo logrado el <strong>tercer puesto<\/strong> en el refer\u00e9ndum maquetero de 2011.<\/p>\n<p>[\/vc_column_text][\/vc_column_inner][vc_column_inner width=\u00bb1\/3&#8243;][vc_column_text]<img loading=\"lazy\" class=\"wp-image-2452 aligncenter\" src=\"https:\/\/belakoband.com\/\/wp-content\/uploads\/2020\/10\/bio-belako-1-300x201.jpg\" alt=\"\" width=\"240\" height=\"161\" srcset=\"https:\/\/belakoband.com\/wp-content\/uploads\/2020\/10\/bio-belako-1-300x201.jpg 300w, https:\/\/belakoband.com\/wp-content\/uploads\/2020\/10\/bio-belako-1-1024x687.jpg 1024w, https:\/\/belakoband.com\/wp-content\/uploads\/2020\/10\/bio-belako-1-768x515.jpg 768w, https:\/\/belakoband.com\/wp-content\/uploads\/2020\/10\/bio-belako-1-1536x1031.jpg 1536w, https:\/\/belakoband.com\/wp-content\/uploads\/2020\/10\/bio-belako-1.jpg 2048w\" sizes=\"(max-width: 240px) 100vw, 240px\" \/>[\/vc_column_text][\/vc_column_inner][\/vc_row_inner][\/vc_column][\/vc_row][vc_row][vc_column width=\u00bb2\/5&#8243;][vc_column_text]<\/p>\n<p style=\"text-align: justify;\">En marzo de 2013 lanzan su <strong>primer disco largo \u201cEURIE\u201d<\/strong>, llev\u00e1ndoles a realizar su primera gira por todo el Estado. <strong>M\u00e1s de 50 conciertos<\/strong> desde marzo hasta diciembre de 2013 y tocando en algunos de los festivales y salas m\u00e1s importantes: Jazzaldia, Kutxa Kultur Festibala, Sala Razzmataz, Sala Apolo, Sala BUT,\u2026 Y teloneando a importantes artistas y grupos como Elvis Costello, Crystal Fighters o Shout Out Louds.<\/p>\n<p style=\"text-align: justify;\">En verano de 2013, en plena gira, son elegidos TALENTO FNAC, lo que les lleva a agrandar la gira.<\/p>\n<p>[\/vc_column_text][\/vc_column][vc_column width=\u00bb1\/5&#8243;][vc_column_text]<\/p>\n<p style=\"text-align: justify;\"><img loading=\"lazy\" class=\"wp-image-2453 aligncenter\" src=\"https:\/\/belakoband.com\/\/wp-content\/uploads\/2020\/10\/maria3-200x300.jpg\" alt=\"\" width=\"214\" height=\"320\" srcset=\"https:\/\/belakoband.com\/wp-content\/uploads\/2020\/10\/maria3-200x300.jpg 200w, https:\/\/belakoband.com\/wp-content\/uploads\/2020\/10\/maria3-683x1024.jpg 683w, https:\/\/belakoband.com\/wp-content\/uploads\/2020\/10\/maria3-768x1151.jpg 768w, https:\/\/belakoband.com\/wp-content\/uploads\/2020\/10\/maria3-1025x1536.jpg 1025w, https:\/\/belakoband.com\/wp-content\/uploads\/2020\/10\/maria3.jpg 1366w\" sizes=\"(max-width: 214px) 100vw, 214px\" \/><\/p>\n<p>[\/vc_column_text][\/vc_column][vc_column width=\u00bb2\/5&#8243;][vc_column_text]<\/p>\n<p style=\"text-align: justify;\">En junio de 2014, la banda publica los <strong>EP \u201cBELE BELTZAK BAINO EZ\u201d y \u201cAAAA!!!!\u201d<\/strong>, abri\u00e9ndose paso en el mundo de la autogesti\u00f3n y presentando su propio sello discogr\u00e1fico, <strong>BELAKO REKORDS<\/strong>.<\/p>\n<p style=\"text-align: justify;\">Con estas dos nuevas publicaciones, empiezan una nueva gira de verano en la que pasan por los festivales m\u00e1s importantes del Estado como <strong>BBK Live, Primavera Sound, SOS 4.8, LOW Festival, BIG Festival, Dcode, Sonorama, Ebrovisi\u00f3n, MadLive,\u2026<\/strong><\/p>\n<p style=\"text-align: justify;\">Poco despu\u00e9s, vuelven a las carreteras en una gira de m\u00e1s de 30 salas por todo el Estado. Antes de comenzar esta, ganan el premio a <strong>Grupo\/Artista Revelaci\u00f3n por la revista Rolling Stone<\/strong> y acab\u00e1ndola, reciben el <strong>Premio al Mejor Grupo\/Artista Emergente por los Premios de la M\u00fasica Independiente.<\/strong><\/p>\n<p>[\/vc_column_text][\/vc_column][\/vc_row][vc_row][vc_column][vc_empty_space height=\u00bb20px\u00bb][vc_column_text]<\/p>\n<h2 style=\"text-align: center;\"><span style=\"color: #ff3c08;\"><strong>2016\/2017\/2018:<\/strong><\/span> HAMEN, RENDER ME NUMB Y SALTO INTERNACIONAL<\/h2>\n<p>[\/vc_column_text][vc_empty_space height=\u00bb20px\u00bb][vc_column_text]<\/p>\n<p style=\"text-align: justify;\">La gira se alarga hasta verano de 2015, pasando por otros festivales como el FIB de Benicassim y en agosto de ese mismo a\u00f1o empiezan a trabajar en su nuevo trabajo, \u201c<strong>HAMEN<\/strong>\u201d (Belako Rekords, Mushroom Pillow) que ver\u00eda la luz en<strong> enero de 2016<\/strong>. La gira de Hamen, que empezar\u00eda antes de sacar el mismo, en noviembre de 2015, les lleva a dar m<strong>\u00e1s de 100 conciertos y a dar el salto al extranjero<\/strong>, tocando en pa\u00edses como Portugal, Inglaterra, Escocia, M\u00e9xico o Alemania. Durante esta gira, siguen recibiendo importantes premios como el <strong>Ojo Cr\u00edtico de RNE o el premio al Mejor Directo por los Premios de la M\u00fasica Independiente.<\/strong><\/p>\n<p style=\"text-align: justify;\">Despu\u00e9s de realizar contadas actuaciones especiales como la de Suena Guernica, en frente del cuadro de Picasso, el grupo estrena el tema <strong>Render Me Numb<\/strong> que da parte del nombre al disco \u201c<strong>RENDER ME NUMB, TRIVIAL VIOLENCE<\/strong>\u201d (Belako Rekords, El Segell del Primavera, PIAS) que la banda publica en febrero de 2017. Justo despu\u00e9s de sacar el tema, viajan al Reino Unido para dar una serie de conciertos en Escocia e Inglaterra y tienen la ocasi\u00f3n de presentarlo tambi\u00e9n en el festival Primavera Sound.<\/p>\n<p style=\"text-align: justify;\">Ese mismo verano, act\u00faan en varios festivales como el <strong>Mad Cool de Madrid o el FIB de Benicassim<\/strong> y acaban de grabar el mencionado nuevo disco, pero lo verdaderamente emocionante para la banda llegar\u00eda en septiembre, donde comienzan una g<strong>ira mundial en la que pasan por pa\u00edses como Rusia, Jap\u00f3n, Corea del Sur, M\u00e9xico, EEUU, Alemania, Inglaterra y Escocia<\/strong>. En esta gira aprovechan para tocar algunos de los temas nuevos de RMNTV. Acaban el a\u00f1o actuando en una abarrotada sala <strong>Razzmatazz<\/strong> de Barcelona como despedida a un gran 2017.<\/p>\n<p>[\/vc_column_text][\/vc_column][\/vc_row][vc_row][vc_column][vc_empty_space height=\u00bb20px\u00bb][vc_column_text]<\/p>\n<h2 style=\"text-align: center;\"><span style=\"color: #ff3c08;\"><strong>2019:<\/strong><\/span> READING &amp; LEEDS Y GIRA CON DMAS Y CRYSTAL FIGHTERS<\/h2>\n<p>[\/vc_column_text][vc_empty_space height=\u00bb20px\u00bb][\/vc_column][\/vc_row][vc_row][vc_column width=\u00bb1\/2&#8243;][vc_column_text]<\/p>\n<p style=\"text-align: justify;\">2018 no empieza menos fuerte ya que, despu\u00e9s de adelantar el tercer single de\u00a0 <strong>\u00abRender Me Numb, Trivial Violence\u00bb<\/strong> (anteriormente hab\u00edan adelantado el tema \u201cOver The Edge\u201d), \u201cLungs\u201d, anuncian la gira del esperado \u00e1lbum, el cual se p\u00fablica el 23 de febrero y lo estrenan en el Palacio Euskalduna de Bilbao. En dicha gira pasar\u00e1n por 15 ciudades del Estado pero adem\u00e1s volver\u00e1n a tocar en grandes citas en el extranjero como el <strong>Festival Vive Latino de M\u00e9xico, el SXSW de Austin, Texas o el Community Festival de Londres<\/strong>. Adem\u00e1s, en la gala de los Premios MIN de la M\u00fasica Independiente de 2018 se llevan los premios <strong>Mejor Artista, Mejor Directo y Mejor Videoclip (Render Me Numb)<\/strong> confirmando el momento dulce en el que se encuentran.<\/p>\n<p>[\/vc_column_text][\/vc_column][vc_column width=\u00bb1\/2&#8243;][vc_column_text]<\/p>\n<p style=\"text-align: justify;\"><img loading=\"lazy\" class=\"alignright wp-image-2454\" src=\"https:\/\/belakoband.com\/\/wp-content\/uploads\/2020\/10\/belako-band-300x200.jpg\" alt=\"\" width=\"314\" height=\"209\" srcset=\"https:\/\/belakoband.com\/wp-content\/uploads\/2020\/10\/belako-band-300x200.jpg 300w, https:\/\/belakoband.com\/wp-content\/uploads\/2020\/10\/belako-band-1024x683.jpg 1024w, https:\/\/belakoband.com\/wp-content\/uploads\/2020\/10\/belako-band-768x512.jpg 768w, https:\/\/belakoband.com\/wp-content\/uploads\/2020\/10\/belako-band-1536x1024.jpg 1536w, https:\/\/belakoband.com\/wp-content\/uploads\/2020\/10\/belako-band.jpg 2048w\" sizes=\"(max-width: 314px) 100vw, 314px\" \/>En 2019, mientras preparaban su nuevo trabajo, anunciaron una serie de conciertos especiales en<strong> festivales como el FIB Benicassim, Europavox, Reading &amp; Leeds o Coordenada, adem\u00e1s de realizar una gira europea con DMAS y Crystal Fighters esa Primavera que reuni\u00f3 a 45.000 personas en salas de Inglaterra y Europa.<\/strong><\/p>\n<p>[\/vc_column_text][\/vc_column][\/vc_row][vc_row][vc_column][vc_empty_space height=\u00bb20px\u00bb][vc_column_text]<\/p>\n<h2 style=\"text-align: center;\"><span style=\"color: #ff3c08;\"><strong>2020:<\/strong><\/span> PLASTIC DRAMA<\/h2>\n<p>[\/vc_column_text][vc_empty_space height=\u00bb20px\u00bb][vc_column_text]<\/p>\n<p style=\"text-align: justify;\">En 2020 se presenta &#8216;<strong>Plastic Drama&#8217;<\/strong>, un \u00e1lbum autoproducido por Belako Rekords con la licencia de BMG Internacional y quiz\u00e1, <strong>el t\u00edtulo m\u00e1s ambicioso, reflexivo y, sobre todo, reivindicativo de la banda.<\/strong><\/p>\n<p style=\"text-align: justify;\">Su lanzamiento ha sido pospuesto del inicial 8 de mayo al 28 de agosto, y con \u00e9l, BELAKO se consolida como la banda de rock independiente m\u00e1s internacional del Estado. <strong>Sus primeros 5 temas de adelantos han sido designados como canciones de la semana en NME, The Line Of Best Fit, El Universal.<\/strong>.. Lo que les ha premiado con su inclusi\u00f3n en el main stage del m\u00edtico <strong>Festival Reading &amp; Leeds 2020.<\/strong> La primera banda estatal en conseguirlo.<\/p>\n<p style=\"text-align: justify;\">Los sonidos retro-futuristas que caracterizan a la banda, no son precisamente fieles a ning\u00fan estilo musical en concreto pero se pueden percibir en ellos cruces de sonidos crudos del punk-rock as\u00ed como ambientes c\u00e1lidos de la electr\u00f3nica sinf\u00f3nica. A pesar de cantar la mayor\u00eda de sus canciones en ingles, la banda tambi\u00e9n guarda dentro de su repertorio temas en euskera. En directo la frescura de los j\u00f3venes componentes del grupo se ve incrementada por la gran energ\u00eda y motivaci\u00f3n que despliegan encima del escenario.<\/p>\n<p><img loading=\"lazy\" class=\"size-medium wp-image-2377 alignleft\" src=\"https:\/\/belakoband.com\/\/wp-content\/uploads\/2020\/10\/belako-home-300x200.jpg\" alt=\"\" width=\"300\" height=\"200\" srcset=\"https:\/\/belakoband.com\/wp-content\/uploads\/2020\/10\/belako-home-300x200.jpg 300w, https:\/\/belakoband.com\/wp-content\/uploads\/2020\/10\/belako-home-1024x683.jpg 1024w, https:\/\/belakoband.com\/wp-content\/uploads\/2020\/10\/belako-home-768x512.jpg 768w, https:\/\/belakoband.com\/wp-content\/uploads\/2020\/10\/belako-home-1536x1024.jpg 1536w, https:\/\/belakoband.com\/wp-content\/uploads\/2020\/10\/belako-home.jpg 2048w\" sizes=\"(max-width: 300px) 100vw, 300px\" \/><\/p>\n<p style=\"marging-left: 80px;\">BELAKO son:<\/p>\n<p style=\"marging-left: 80px;\">Josu Billelabeitia (guitarra, voz)<br \/>\nCris Lizarraga (voz, teclados)<br \/>\nLander Zalakain (bater\u00eda, voz)<br \/>\nLore Billelabeitia (bajo, teclados, voz)<\/p>\n<p>[\/vc_column_text][\/vc_column][\/vc_row]<\/p>\n","protected":false},"excerpt":{"rendered":"<p>[vc_row][vc_column][vc_column_text] 2011\/2012: COMIENZOS [\/vc_column_text][vc_row_inner][vc_column_inner width=\u00bb2\/3&#8243;][vc_column_text] Belako, proveniente de Mungia (Bizkaia) y compuesto por Josu, Lore, Cris y Lander, comenz\u00f3 su andadura en mayo del 2011. Los hermanos Josu y Lore, empezaron a tocar versiones de algunos grupos, despu\u00e9s se les&#8230;<\/p>\n","protected":false},"author":1,"featured_media":0,"parent":0,"menu_order":0,"comment_status":"closed","ping_status":"open","template":"","meta":{"om_disable_all_campaigns":false,"_mi_skip_tracking":false},"aioseo_notices":[],"yoast_head":"<!-- This site is optimized with the Yoast SEO plugin v15.5 - https:\/\/yoast.com\/wordpress\/plugins\/seo\/ -->\n<title>Bio |<\/title>\n<meta name=\"robots\" content=\"index, follow, max-snippet:-1, max-image-preview:large, max-video-preview:-1\" \/>\n<link rel=\"canonical\" href=\"https:\/\/belakoband.com\/es\/bio\/\" \/>\n<meta property=\"og:locale\" content=\"es_ES\" \/>\n<meta property=\"og:type\" content=\"article\" \/>\n<meta property=\"og:title\" content=\"Bio |\" \/>\n<meta property=\"og:description\" content=\"[vc_row][vc_column][vc_column_text] 2011\/2012: COMIENZOS [\/vc_column_text][vc_row_inner][vc_column_inner width=\u00bb2\/3&#8243;][vc_column_text] Belako, proveniente de Mungia (Bizkaia) y compuesto por Josu, Lore, Cris y Lander, comenz\u00f3 su andadura en mayo del 2011. Los hermanos Josu y Lore, empezaron a tocar versiones de algunos grupos, despu\u00e9s se les...\" \/>\n<meta property=\"og:url\" content=\"https:\/\/belakoband.com\/es\/bio\/\" \/>\n<meta property=\"article:publisher\" content=\"https:\/\/www.facebook.com\/belakomusic\" \/>\n<meta property=\"article:modified_time\" content=\"2021-01-05T10:49:48+00:00\" \/>\n<meta property=\"og:image\" content=\"https:\/\/belakoband.com\/\/wp-content\/uploads\/2020\/10\/bio-belako-1-300x201.jpg\" \/>\n<meta name=\"twitter:card\" content=\"summary_large_image\" \/>\n<meta name=\"twitter:site\" content=\"@belakoband\" \/>\n<meta name=\"twitter:label1\" content=\"Tiempo de lectura\">\n\t<meta name=\"twitter:data1\" content=\"5 minutos\">\n<script type=\"application\/ld+json\" class=\"yoast-schema-graph\">{\"@context\":\"https:\/\/schema.org\",\"@graph\":[{\"@type\":\"Organization\",\"@id\":\"https:\/\/belakoband.com\/#organization\",\"name\":\"Belako Band\",\"url\":\"https:\/\/belakoband.com\/\",\"sameAs\":[\"https:\/\/www.facebook.com\/belakomusic\",\"https:\/\/www.instagram.com\/belakoo\/\",\"https:\/\/www.youtube.com\/channel\/UCFIPILDioGll78R6lQd9-iw\",\"https:\/\/twitter.com\/belakoband\"],\"logo\":{\"@type\":\"ImageObject\",\"@id\":\"https:\/\/belakoband.com\/#logo\",\"inLanguage\":\"es\",\"url\":\"https:\/\/belakoband.com\/wp-content\/uploads\/2020\/10\/belako-logo-e1603296760599.png\",\"width\":180,\"height\":45,\"caption\":\"Belako Band\"},\"image\":{\"@id\":\"https:\/\/belakoband.com\/#logo\"}},{\"@type\":\"WebSite\",\"@id\":\"https:\/\/belakoband.com\/#website\",\"url\":\"https:\/\/belakoband.com\/\",\"name\":\"Belako\",\"description\":\"\",\"publisher\":{\"@id\":\"https:\/\/belakoband.com\/#organization\"},\"potentialAction\":[{\"@type\":\"SearchAction\",\"target\":\"https:\/\/belakoband.com\/?s={search_term_string}\",\"query-input\":\"required name=search_term_string\"}],\"inLanguage\":\"es\"},{\"@type\":\"ImageObject\",\"@id\":\"https:\/\/belakoband.com\/es\/bio\/#primaryimage\",\"inLanguage\":\"es\",\"url\":\"https:\/\/belakoband.com\/\/wp-content\/uploads\/2020\/10\/bio-belako-1-300x201.jpg\"},{\"@type\":\"WebPage\",\"@id\":\"https:\/\/belakoband.com\/es\/bio\/#webpage\",\"url\":\"https:\/\/belakoband.com\/es\/bio\/\",\"name\":\"Bio |\",\"isPartOf\":{\"@id\":\"https:\/\/belakoband.com\/#website\"},\"primaryImageOfPage\":{\"@id\":\"https:\/\/belakoband.com\/es\/bio\/#primaryimage\"},\"datePublished\":\"2016-12-26T19:34:34+00:00\",\"dateModified\":\"2021-01-05T10:49:48+00:00\",\"inLanguage\":\"es\",\"potentialAction\":[{\"@type\":\"ReadAction\",\"target\":[\"https:\/\/belakoband.com\/es\/bio\/\"]}]}]}<\/script>\n<!-- \/ Yoast SEO plugin. -->","_links":{"self":[{"href":"https:\/\/belakoband.com\/es\/wp-json\/wp\/v2\/pages\/2"}],"collection":[{"href":"https:\/\/belakoband.com\/es\/wp-json\/wp\/v2\/pages"}],"about":[{"href":"https:\/\/belakoband.com\/es\/wp-json\/wp\/v2\/types\/page"}],"author":[{"embeddable":true,"href":"https:\/\/belakoband.com\/es\/wp-json\/wp\/v2\/users\/1"}],"replies":[{"embeddable":true,"href":"https:\/\/belakoband.com\/es\/wp-json\/wp\/v2\/comments?post=2"}],"version-history":[{"count":14,"href":"https:\/\/belakoband.com\/es\/wp-json\/wp\/v2\/pages\/2\/revisions"}],"predecessor-version":[{"id":3049,"href":"https:\/\/belakoband.com\/es\/wp-json\/wp\/v2\/pages\/2\/revisions\/3049"}],"wp:attachment":[{"href":"https:\/\/belakoband.com\/es\/wp-json\/wp\/v2\/media?parent=2"}],"curies":[{"name":"wp","href":"https:\/\/api.w.org\/{rel}","templated":true}]}}